{"id":524,"date":"2026-02-15T17:11:33","date_gmt":"2026-02-15T16:11:33","guid":{"rendered":"https:\/\/elansportifgleize.fr\/?page_id=524"},"modified":"2026-02-15T17:11:35","modified_gmt":"2026-02-15T16:11:35","slug":"nos-resultats","status":"publish","type":"page","link":"https:\/\/elansportifgleize.fr\/?page_id=524","title":{"rendered":"Nos r\u00e9sultats"},"content":{"rendered":"","protected":false},"excerpt":{"rendered":"","protected":false},"author":1,"featured_media":0,"parent":0,"menu_order":0,"comment_status":"closed","ping_status":"closed","template":"","meta":{"_et_pb_use_builder":"","_et_pb_old_content":"","_et_gb_content_width":"","footnotes":""},"class_list":["post-524","page","type-page","status-publish","hentry"],"yoast_head":"<!-- This site is optimized with the Yoast SEO plugin v27.3 - https:\/\/yoast.com\/product\/yoast-seo-wordpress\/ -->\n<title>Nos r\u00e9sultats - Elan Sportif de Gleiz\u00e9<\/title>\n<meta name=\"robots\" content=\"index, follow, max-snippet:-1, max-image-preview:large, max-video-preview:-1\" \/>\n<link rel=\"canonical\" href=\"https:\/\/elansportifgleize.fr\/?page_id=524\" \/>\n<meta property=\"og:locale\" content=\"fr_FR\" \/>\n<meta property=\"og:type\" content=\"article\" \/>\n<meta property=\"og:title\" content=\"Nos r\u00e9sultats - Elan Sportif de Gleiz\u00e9\" \/>\n<meta property=\"og:url\" content=\"https:\/\/elansportifgleize.fr\/?page_id=524\" \/>\n<meta property=\"og:site_name\" content=\"Elan Sportif de Gleiz\u00e9\" \/>\n<meta property=\"article:publisher\" content=\"https:\/\/www.facebook.com\/ElanSportifdeGleize\/\" \/>\n<meta property=\"article:modified_time\" content=\"2026-02-15T16:11:35+00:00\" \/>\n<meta name=\"twitter:card\" content=\"summary_large_image\" \/>\n<meta name=\"twitter:site\" content=\"@els_de_gleize\" \/>\n<script type=\"application\/ld+json\" class=\"yoast-schema-graph\">{\"@context\":\"https:\\\/\\\/schema.org\",\"@graph\":[{\"@type\":\"WebPage\",\"@id\":\"https:\\\/\\\/elansportifgleize.fr\\\/?page_id=524\",\"url\":\"https:\\\/\\\/elansportifgleize.fr\\\/?page_id=524\",\"name\":\"Nos r\u00e9sultats - Elan Sportif de Gleiz\u00e9\",\"isPartOf\":{\"@id\":\"https:\\\/\\\/elansportifgleize.fr\\\/#website\"},\"datePublished\":\"2026-02-15T16:11:33+00:00\",\"dateModified\":\"2026-02-15T16:11:35+00:00\",\"breadcrumb\":{\"@id\":\"https:\\\/\\\/elansportifgleize.fr\\\/?page_id=524#breadcrumb\"},\"inLanguage\":\"fr-FR\",\"potentialAction\":[{\"@type\":\"ReadAction\",\"target\":[\"https:\\\/\\\/elansportifgleize.fr\\\/?page_id=524\"]}]},{\"@type\":\"BreadcrumbList\",\"@id\":\"https:\\\/\\\/elansportifgleize.fr\\\/?page_id=524#breadcrumb\",\"itemListElement\":[{\"@type\":\"ListItem\",\"position\":1,\"name\":\"Home\",\"item\":\"https:\\\/\\\/elansportifgleize.fr\\\/\"},{\"@type\":\"ListItem\",\"position\":2,\"name\":\"Nos r\u00e9sultats\"}]},{\"@type\":\"WebSite\",\"@id\":\"https:\\\/\\\/elansportifgleize.fr\\\/#website\",\"url\":\"https:\\\/\\\/elansportifgleize.fr\\\/\",\"name\":\"Elan Sportif de Gleiz\u00e9\",\"description\":\"Club de football \u00e0 Gleiz\u00e9 depuis 1941\",\"publisher\":{\"@id\":\"https:\\\/\\\/elansportifgleize.fr\\\/#organization\"},\"potentialAction\":[{\"@type\":\"SearchAction\",\"target\":{\"@type\":\"EntryPoint\",\"urlTemplate\":\"https:\\\/\\\/elansportifgleize.fr\\\/?s={search_term_string}\"},\"query-input\":{\"@type\":\"PropertyValueSpecification\",\"valueRequired\":true,\"valueName\":\"search_term_string\"}}],\"inLanguage\":\"fr-FR\"},{\"@type\":\"Organization\",\"@id\":\"https:\\\/\\\/elansportifgleize.fr\\\/#organization\",\"name\":\"Elan Sportif de Gleiz\u00e9\",\"url\":\"https:\\\/\\\/elansportifgleize.fr\\\/\",\"logo\":{\"@type\":\"ImageObject\",\"inLanguage\":\"fr-FR\",\"@id\":\"https:\\\/\\\/elansportifgleize.fr\\\/#\\\/schema\\\/logo\\\/image\\\/\",\"url\":\"https:\\\/\\\/elansportifgleize.fr\\\/wp-content\\\/uploads\\\/2025\\\/11\\\/nouveau-logo.webp\",\"contentUrl\":\"https:\\\/\\\/elansportifgleize.fr\\\/wp-content\\\/uploads\\\/2025\\\/11\\\/nouveau-logo.webp\",\"width\":662,\"height\":758,\"caption\":\"Elan Sportif de Gleiz\u00e9\"},\"image\":{\"@id\":\"https:\\\/\\\/elansportifgleize.fr\\\/#\\\/schema\\\/logo\\\/image\\\/\"},\"sameAs\":[\"https:\\\/\\\/www.facebook.com\\\/ElanSportifdeGleize\\\/\",\"https:\\\/\\\/x.com\\\/els_de_gleize\",\"https:\\\/\\\/www.instagram.com\\\/els_de_gleize\\\/\",\"https:\\\/\\\/www.youtube.com\\\/@elansportifdegleize\"]}]}<\/script>\n<!-- \/ Yoast SEO plugin. -->","yoast_head_json":{"title":"Nos r\u00e9sultats - Elan Sportif de Gleiz\u00e9","robots":{"index":"index","follow":"follow","max-snippet":"max-snippet:-1","max-image-preview":"max-image-preview:large","max-video-preview":"max-video-preview:-1"},"canonical":"https:\/\/elansportifgleize.fr\/?page_id=524","og_locale":"fr_FR","og_type":"article","og_title":"Nos r\u00e9sultats - Elan Sportif de Gleiz\u00e9","og_url":"https:\/\/elansportifgleize.fr\/?page_id=524","og_site_name":"Elan Sportif de Gleiz\u00e9","article_publisher":"https:\/\/www.facebook.com\/ElanSportifdeGleize\/","article_modified_time":"2026-02-15T16:11:35+00:00","twitter_card":"summary_large_image","twitter_site":"@els_de_gleize","schema":{"@context":"https:\/\/schema.org","@graph":[{"@type":"WebPage","@id":"https:\/\/elansportifgleize.fr\/?page_id=524","url":"https:\/\/elansportifgleize.fr\/?page_id=524","name":"Nos r\u00e9sultats - Elan Sportif de Gleiz\u00e9","isPartOf":{"@id":"https:\/\/elansportifgleize.fr\/#website"},"datePublished":"2026-02-15T16:11:33+00:00","dateModified":"2026-02-15T16:11:35+00:00","breadcrumb":{"@id":"https:\/\/elansportifgleize.fr\/?page_id=524#breadcrumb"},"inLanguage":"fr-FR","potentialAction":[{"@type":"ReadAction","target":["https:\/\/elansportifgleize.fr\/?page_id=524"]}]},{"@type":"BreadcrumbList","@id":"https:\/\/elansportifgleize.fr\/?page_id=524#breadcrumb","itemListElement":[{"@type":"ListItem","position":1,"name":"Home","item":"https:\/\/elansportifgleize.fr\/"},{"@type":"ListItem","position":2,"name":"Nos r\u00e9sultats"}]},{"@type":"WebSite","@id":"https:\/\/elansportifgleize.fr\/#website","url":"https:\/\/elansportifgleize.fr\/","name":"Elan Sportif de Gleiz\u00e9","description":"Club de football \u00e0 Gleiz\u00e9 depuis 1941","publisher":{"@id":"https:\/\/elansportifgleize.fr\/#organization"},"potentialAction":[{"@type":"SearchAction","target":{"@type":"EntryPoint","urlTemplate":"https:\/\/elansportifgleize.fr\/?s={search_term_string}"},"query-input":{"@type":"PropertyValueSpecification","valueRequired":true,"valueName":"search_term_string"}}],"inLanguage":"fr-FR"},{"@type":"Organization","@id":"https:\/\/elansportifgleize.fr\/#organization","name":"Elan Sportif de Gleiz\u00e9","url":"https:\/\/elansportifgleize.fr\/","logo":{"@type":"ImageObject","inLanguage":"fr-FR","@id":"https:\/\/elansportifgleize.fr\/#\/schema\/logo\/image\/","url":"https:\/\/elansportifgleize.fr\/wp-content\/uploads\/2025\/11\/nouveau-logo.webp","contentUrl":"https:\/\/elansportifgleize.fr\/wp-content\/uploads\/2025\/11\/nouveau-logo.webp","width":662,"height":758,"caption":"Elan Sportif de Gleiz\u00e9"},"image":{"@id":"https:\/\/elansportifgleize.fr\/#\/schema\/logo\/image\/"},"sameAs":["https:\/\/www.facebook.com\/ElanSportifdeGleize\/","https:\/\/x.com\/els_de_gleize","https:\/\/www.instagram.com\/els_de_gleize\/","https:\/\/www.youtube.com\/@elansportifdegleize"]}]}},"_links":{"self":[{"href":"https:\/\/elansportifgleize.fr\/index.php?rest_route=\/wp\/v2\/pages\/524","targetHints":{"allow":["GET"]}}],"collection":[{"href":"https:\/\/elansportifgleize.fr\/index.php?rest_route=\/wp\/v2\/pages"}],"about":[{"href":"https:\/\/elansportifgleize.fr\/index.php?rest_route=\/wp\/v2\/types\/page"}],"author":[{"embeddable":true,"href":"https:\/\/elansportifgleize.fr\/index.php?rest_route=\/wp\/v2\/users\/1"}],"replies":[{"embeddable":true,"href":"https:\/\/elansportifgleize.fr\/index.php?rest_route=%2Fwp%2Fv2%2Fcomments&post=524"}],"version-history":[{"count":1,"href":"https:\/\/elansportifgleize.fr\/index.php?rest_route=\/wp\/v2\/pages\/524\/revisions"}],"predecessor-version":[{"id":525,"href":"https:\/\/elansportifgleize.fr\/index.php?rest_route=\/wp\/v2\/pages\/524\/revisions\/525"}],"wp:attachment":[{"href":"https:\/\/elansportifgleize.fr\/index.php?rest_route=%2Fwp%2Fv2%2Fmedia&parent=524"}],"curies":[{"name":"wp","href":"https:\/\/api.w.org\/{rel}","templated":true}]}}