{"id":415,"date":"2026-01-08T21:50:05","date_gmt":"2026-01-08T20:50:05","guid":{"rendered":"https:\/\/elansportifgleize.fr\/?page_id=415"},"modified":"2026-01-10T00:10:50","modified_gmt":"2026-01-09T23:10:50","slug":"tarifs-et-services","status":"publish","type":"page","link":"https:\/\/elansportifgleize.fr\/?page_id=415","title":{"rendered":"Tarifs et Services"},"content":{"rendered":"<p>[et_pb_section fb_built=\u00a0\u00bb1&Prime; admin_label=\u00a0\u00bbHeader\u00a0\u00bb _builder_version=\u00a0\u00bb4.24.0&Prime; _module_preset=\u00a0\u00bbdefault\u00a0\u00bb background_color=\u00a0\u00bbgcid-a93f2103-1d8b-43bb-b21d-81d84bba8b15&Prime; background_enable_image=\u00a0\u00bboff\u00a0\u00bb parallax=\u00a0\u00bbon\u00a0\u00bb min_height=\u00a0\u00bb273.8px\u00a0\u00bb custom_padding=\u00a0\u00bb||0px||false|false\u00a0\u00bb border_radii=\u00a0\u00bboff|||3vw|3vw\u00a0\u00bb locked=\u00a0\u00bboff\u00a0\u00bb collapsed=\u00a0\u00bbon\u00a0\u00bb global_colors_info=\u00a0\u00bb{%22gcid-a93f2103-1d8b-43bb-b21d-81d84bba8b15%22:%91%22background_color%22%93}\u00a0\u00bb][et_pb_row column_structure=\u00a0\u00bb1_2,1_2&Prime; _builder_version=\u00a0\u00bb4.24.0&Prime; _module_preset=\u00a0\u00bbdefault\u00a0\u00bb max_width=\u00a0\u00bb1800px\u00a0\u00bb global_colors_info=\u00a0\u00bb{}\u00a0\u00bb][et_pb_column type=\u00a0\u00bb1_2&Prime; _builder_version=\u00a0\u00bb4.22.0&Prime; _module_preset=\u00a0\u00bbdefault\u00a0\u00bb global_colors_info=\u00a0\u00bb{}\u00a0\u00bb][et_pb_text _builder_version=\u00a0\u00bb4.24.0&Prime; _module_preset=\u00a0\u00bb_initial\u00a0\u00bb header_font=\u00a0\u00bbInter|700|||||||\u00a0\u00bb header_font_size=\u00a0\u00bb90px\u00a0\u00bb header_line_height=\u00a0\u00bb1.1em\u00a0\u00bb max_width=\u00a0\u00bb1440px\u00a0\u00bb custom_margin=\u00a0\u00bb||10px||false|false\u00a0\u00bb header_font_size_tablet=\u00a0\u00bb40px\u00a0\u00bb header_font_size_phone=\u00a0\u00bb24px\u00a0\u00bb header_font_size_last_edited=\u00a0\u00bbon|desktop\u00a0\u00bb global_colors_info=\u00a0\u00bb{}\u00a0\u00bb]<\/p>\n<h1><strong>Services et<br \/>Tarifs\u00a0<\/strong><\/h1>\n<p>&nbsp;<\/p>\n<p>[\/et_pb_text][\/et_pb_column][et_pb_column type=\u00a0\u00bb1_2&Prime; _builder_version=\u00a0\u00bb4.27.5&Prime; _module_preset=\u00a0\u00bbdefault\u00a0\u00bb global_colors_info=\u00a0\u00bb{}\u00a0\u00bb][et_pb_button button_text=\u00a0\u00bbPayez en ligne votre licence en 1, 2, ou 3 fois\u00a0\u00bb button_alignment=\u00a0\u00bbleft\u00a0\u00bb button_text_tablet=\u00a0\u00bbPayez en ligne votre licence en 1, 2, ou 3 fois\u00a0\u00bb button_text_phone=\u00a0\u00bbPayez en ligne votre licence en 1, 2, ou 3 fois\u00a0\u00bb button_text_last_edited=\u00a0\u00bbon|phone\u00a0\u00bb _builder_version=\u00a0\u00bb4.27.5&Prime; _module_preset=\u00a0\u00bb_initial\u00a0\u00bb custom_button=\u00a0\u00bbon\u00a0\u00bb button_text_size=\u00a0\u00bb14px\u00a0\u00bb button_text_color=\u00a0\u00bb#FFFFFF\u00a0\u00bb button_bg_color=\u00a0\u00bb#E02B20&Prime; button_border_width=\u00a0\u00bb0px\u00a0\u00bb button_border_radius=\u00a0\u00bb100px\u00a0\u00bb button_font=\u00a0\u00bbInter|700|||||||\u00a0\u00bb custom_padding=\u00a0\u00bb16px|32px|16px|32px|true|true\u00a0\u00bb global_colors_info=\u00a0\u00bb{}\u00a0\u00bb][\/et_pb_button][et_pb_button button_text=\u00a0\u00bbVisitez notre Boutique pour compl\u00e9ter l&rsquo;\u00e9quipement\u00a0\u00bb button_alignment=\u00a0\u00bbleft\u00a0\u00bb _builder_version=\u00a0\u00bb4.27.5&Prime; _module_preset=\u00a0\u00bb_initial\u00a0\u00bb custom_button=\u00a0\u00bbon\u00a0\u00bb button_text_size=\u00a0\u00bb14px\u00a0\u00bb button_text_color=\u00a0\u00bb#FFFFFF\u00a0\u00bb button_bg_color=\u00a0\u00bb#E02B20&Prime; button_border_width=\u00a0\u00bb0px\u00a0\u00bb button_border_radius=\u00a0\u00bb100px\u00a0\u00bb button_font=\u00a0\u00bbInter|700|||||||\u00a0\u00bb custom_padding=\u00a0\u00bb16px|32px|16px|32px|true|true\u00a0\u00bb hover_enabled=\u00a0\u00bb0&Prime; global_colors_info=\u00a0\u00bb{}\u00a0\u00bb button_url=\u00a0\u00bbhttps:\/\/elansportifgleize.fr\/?post_type=product\u00a0\u00bb sticky_enabled=\u00a0\u00bb0&Prime;][\/et_pb_button][\/et_pb_column][\/et_pb_row][\/et_pb_section][et_pb_section fb_built=\u00a0\u00bb1&Prime; admin_label=\u00a0\u00bbCall to Action\u00a0\u00bb _builder_version=\u00a0\u00bb4.27.5&Prime; _module_preset=\u00a0\u00bbdefault\u00a0\u00bb background_image=\u00a0\u00bbhttps:\/\/elansportifgleize.fr\/wp-content\/uploads\/2025\/11\/illustration-01@2x.png\u00a0\u00bb background_size=\u00a0\u00bbcontain\u00a0\u00bb background_position=\u00a0\u00bbtop_left\u00a0\u00bb background_color_phone=\u00a0\u00bb#407c07&Prime; background_enable_color_phone=\u00a0\u00bbon\u00a0\u00bb background_enable_image_phone=\u00a0\u00bboff\u00a0\u00bb locked=\u00a0\u00bboff\u00a0\u00bb collapsed=\u00a0\u00bbon\u00a0\u00bb global_colors_info=\u00a0\u00bb{}\u00a0\u00bb][et_pb_row column_structure=\u00a0\u00bb2_5,3_5&Prime; make_equal=\u00a0\u00bbon\u00a0\u00bb _builder_version=\u00a0\u00bb4.27.5&Prime; _module_preset=\u00a0\u00bbdefault\u00a0\u00bb max_width=\u00a0\u00bb1800px\u00a0\u00bb global_colors_info=\u00a0\u00bb{}\u00a0\u00bb][et_pb_column type=\u00a0\u00bb2_5&Prime; _builder_version=\u00a0\u00bb4.22.0&Prime; _module_preset=\u00a0\u00bbdefault\u00a0\u00bb custom_padding=\u00a0\u00bb60px||60px||true|false\u00a0\u00bb custom_padding_tablet=\u00a0\u00bb||0px||false|false\u00a0\u00bb custom_padding_phone=\u00a0\u00bb||0px||false|false\u00a0\u00bb custom_padding_last_edited=\u00a0\u00bbon|tablet\u00a0\u00bb global_colors_info=\u00a0\u00bb{}\u00a0\u00bb][et_pb_text content_last_edited=\u00a0\u00bboff|phone\u00a0\u00bb _builder_version=\u00a0\u00bb4.27.5&Prime; _module_preset=\u00a0\u00bb_initial\u00a0\u00bb text_text_color=\u00a0\u00bb#FFFFFF\u00a0\u00bb header_2_font=\u00a0\u00bbInter|700|||||||\u00a0\u00bb header_2_font_size=\u00a0\u00bb52px\u00a0\u00bb header_2_line_height=\u00a0\u00bb1.2em\u00a0\u00bb custom_margin=\u00a0\u00bb||10px||false|false\u00a0\u00bb header_2_font_size_tablet=\u00a0\u00bb32px\u00a0\u00bb header_2_font_size_phone=\u00a0\u00bb20px\u00a0\u00bb header_2_font_size_last_edited=\u00a0\u00bbon|desktop\u00a0\u00bb global_colors_info=\u00a0\u00bb{}\u00a0\u00bb]<\/p>\n<h2 style=\"text-align: center;\"><span style=\"color: #ff0000;\">Prix des Licences<\/span><\/h2>\n<p>[\/et_pb_text][et_pb_text _builder_version=\u00a0\u00bb4.27.5&Prime; _module_preset=\u00a0\u00bb_initial\u00a0\u00bb header_5_font=\u00a0\u00bbInter|700|||||||\u00a0\u00bb header_5_font_size=\u00a0\u00bb20px\u00a0\u00bb header_5_line_height=\u00a0\u00bb1.4em\u00a0\u00bb custom_margin=\u00a0\u00bb||0px||false|false\u00a0\u00bb header_5_font_size_tablet=\u00a0\u00bb16px\u00a0\u00bb header_5_font_size_phone=\u00a0\u00bb14px\u00a0\u00bb header_5_font_size_last_edited=\u00a0\u00bbon|desktop\u00a0\u00bb locked=\u00a0\u00bboff\u00a0\u00bb global_colors_info=\u00a0\u00bb{}\u00a0\u00bb]<\/p>\n<h5><span style=\"color: #ffffff;\">Le prix de la licence est fix\u00e9e en fonction de la section dans laquelle sera int\u00e9gr\u00e9 le joueur<\/span><\/h5>\n<p>[\/et_pb_text][et_pb_text _builder_version=\u00a0\u00bb4.27.5&Prime; _module_preset=\u00a0\u00bb_initial\u00a0\u00bb text_font=\u00a0\u00bbRoboto||||||||\u00a0\u00bb text_line_height=\u00a0\u00bb1.6em\u00a0\u00bb locked=\u00a0\u00bboff\u00a0\u00bb global_colors_info=\u00a0\u00bb{}\u00a0\u00bb]<\/p>\n<p><span style=\"color: #ffff00;\"><em>Exemple : un enfant de 8 ou 9 ans dans l&rsquo;ann\u00e9e civile de son inscription sera dans la cat\u00e9gorie U9, un de 10 ou 11 ans en U11, etc&#8230;<\/em><\/span><\/p>\n<p>[\/et_pb_text][et_pb_text _builder_version=\u00a0\u00bb4.27.5&Prime; _module_preset=\u00a0\u00bb_initial\u00a0\u00bb header_5_font=\u00a0\u00bbInter|700|||||||\u00a0\u00bb header_5_font_size=\u00a0\u00bb20px\u00a0\u00bb header_5_line_height=\u00a0\u00bb1.4em\u00a0\u00bb custom_margin=\u00a0\u00bb||0px||false|false\u00a0\u00bb header_5_font_size_tablet=\u00a0\u00bb16px\u00a0\u00bb header_5_font_size_phone=\u00a0\u00bb14px\u00a0\u00bb header_5_font_size_last_edited=\u00a0\u00bbon|desktop\u00a0\u00bb locked=\u00a0\u00bboff\u00a0\u00bb global_colors_info=\u00a0\u00bb{}\u00a0\u00bb]<\/p>\n<h5><span style=\"color: #ffffff;\">Le pack d&rsquo;\u00e9quipement de base fourni comprend :<br \/>&#8211; le short et les chaussettes de foot<br \/>&#8211; le surv\u00eatement (pantalon et veste) aux couleurs du Club<\/span><\/h5>\n<p>[\/et_pb_text][et_pb_text _builder_version=\u00a0\u00bb4.27.5&Prime; _module_preset=\u00a0\u00bb_initial\u00a0\u00bb text_font=\u00a0\u00bbRoboto||||||||\u00a0\u00bb text_line_height=\u00a0\u00bb1.6em\u00a0\u00bb locked=\u00a0\u00bboff\u00a0\u00bb global_colors_info=\u00a0\u00bb{}\u00a0\u00bb]<\/p>\n<p><span style=\"color: #ffff00;\"><em>\u00a0Cet \u00e9quipement basique permet la pratique du sport avec les \u00e9l\u00e9ments essentiels et une bonne int\u00e9gration au club (l&rsquo;esprit d&rsquo;\u00e9quipe) en maintenant le niveau de la licence volontairement bas afin de permettre la pratique du football au plus grand nombre.<\/em><\/span><\/p>\n<p><span style=\"color: #ffff00;\"><em> <\/em><\/span><\/p>\n<p><span style=\"color: #ffff00;\"><em>Il vous sera possible de compl\u00e9ter ce pack au besoin en commandant sur notre Boutique en ligne aux meilleurs tarifs, diff\u00e9rents articles de qualit\u00e9 de notre \u00e9quipementier Kappa, aux couleurs du Club, qui seront d&rsquo;une grande utilit\u00e9 et confort tout au long de la saison, et m\u00eame pour plusieures ann\u00e9es. Exemple : tee-shirts d&rsquo;entra\u00eenement, sac de sport, maillot manches longues, sweat chaud, coupe-vent imperm\u00e9able, vestes chaudes, doudounes, gants, echarpes, bonnets, casquettes, etc &#8230;<\/em><\/span><\/p>\n<p><span style=\"color: #999999;\"><em><\/em><\/span><\/p>\n<p>[\/et_pb_text][\/et_pb_column][et_pb_column type=\u00a0\u00bb3_5&Prime; _builder_version=\u00a0\u00bb4.22.0&Prime; _module_preset=\u00a0\u00bbdefault\u00a0\u00bb global_colors_info=\u00a0\u00bb{}\u00a0\u00bb][et_pb_image src=\u00a0\u00bbhttps:\/\/elansportifgleize.fr\/wp-content\/uploads\/2026\/01\/TARIFS.webp\u00a0\u00bb title_text=\u00a0\u00bbTARIFS\u00a0\u00bb force_fullwidth=\u00a0\u00bbon\u00a0\u00bb _builder_version=\u00a0\u00bb4.27.5&Prime; _module_preset=\u00a0\u00bbdefault\u00a0\u00bb border_radii=\u00a0\u00bbon|30px|30px|30px|30px\u00a0\u00bb global_colors_info=\u00a0\u00bb{}\u00a0\u00bb][\/et_pb_image][\/et_pb_column][\/et_pb_row][\/et_pb_section]<\/p>\n","protected":false},"excerpt":{"rendered":"<p>Services etTarifs\u00a0 &nbsp;Prix des LicencesLe prix de la licence est fix\u00e9e en fonction de la section dans laquelle sera int\u00e9gr\u00e9 le joueurExemple : un enfant de 8 ou 9 ans dans l&rsquo;ann\u00e9e civile de son inscription sera dans la cat\u00e9gorie U9, un de 10 ou 11 ans en U11, etc&#8230;Le pack d&rsquo;\u00e9quipement de base fourni [&hellip;]<\/p>\n","protected":false},"author":1,"featured_media":0,"parent":0,"menu_order":0,"comment_status":"closed","ping_status":"closed","template":"","meta":{"_et_pb_use_builder":"on","_et_pb_old_content":"","_et_gb_content_width":"","footnotes":""},"class_list":["post-415","page","type-page","status-publish","hentry"],"yoast_head":"<!-- This site is optimized with the Yoast SEO plugin v27.3 - https:\/\/yoast.com\/product\/yoast-seo-wordpress\/ -->\n<title>Tarifs et Services - Elan Sportif de Gleiz\u00e9<\/title>\n<meta name=\"robots\" content=\"index, follow, max-snippet:-1, max-image-preview:large, max-video-preview:-1\" \/>\n<link rel=\"canonical\" href=\"https:\/\/elansportifgleize.fr\/?page_id=415\" \/>\n<meta property=\"og:locale\" content=\"fr_FR\" \/>\n<meta property=\"og:type\" content=\"article\" \/>\n<meta property=\"og:title\" content=\"Tarifs et Services - Elan Sportif de Gleiz\u00e9\" \/>\n<meta property=\"og:description\" content=\"Services etTarifs\u00a0 &nbsp;Prix des LicencesLe prix de la licence est fix\u00e9e en fonction de la section dans laquelle sera int\u00e9gr\u00e9 le joueurExemple : un enfant de 8 ou 9 ans dans l&#039;ann\u00e9e civile de son inscription sera dans la cat\u00e9gorie U9, un de 10 ou 11 ans en U11, etc...Le pack d&#039;\u00e9quipement de base fourni [&hellip;]\" \/>\n<meta property=\"og:url\" content=\"https:\/\/elansportifgleize.fr\/?page_id=415\" \/>\n<meta property=\"og:site_name\" content=\"Elan Sportif de Gleiz\u00e9\" \/>\n<meta property=\"article:publisher\" content=\"https:\/\/www.facebook.com\/ElanSportifdeGleize\/\" \/>\n<meta property=\"article:modified_time\" content=\"2026-01-09T23:10:50+00:00\" \/>\n<meta name=\"twitter:card\" content=\"summary_large_image\" \/>\n<meta name=\"twitter:site\" content=\"@els_de_gleize\" \/>\n<script type=\"application\/ld+json\" class=\"yoast-schema-graph\">{\"@context\":\"https:\\\/\\\/schema.org\",\"@graph\":[{\"@type\":\"WebPage\",\"@id\":\"https:\\\/\\\/elansportifgleize.fr\\\/?page_id=415\",\"url\":\"https:\\\/\\\/elansportifgleize.fr\\\/?page_id=415\",\"name\":\"Tarifs et Services - Elan Sportif de Gleiz\u00e9\",\"isPartOf\":{\"@id\":\"https:\\\/\\\/elansportifgleize.fr\\\/#website\"},\"datePublished\":\"2026-01-08T20:50:05+00:00\",\"dateModified\":\"2026-01-09T23:10:50+00:00\",\"breadcrumb\":{\"@id\":\"https:\\\/\\\/elansportifgleize.fr\\\/?page_id=415#breadcrumb\"},\"inLanguage\":\"fr-FR\",\"potentialAction\":[{\"@type\":\"ReadAction\",\"target\":[\"https:\\\/\\\/elansportifgleize.fr\\\/?page_id=415\"]}]},{\"@type\":\"BreadcrumbList\",\"@id\":\"https:\\\/\\\/elansportifgleize.fr\\\/?page_id=415#breadcrumb\",\"itemListElement\":[{\"@type\":\"ListItem\",\"position\":1,\"name\":\"Home\",\"item\":\"https:\\\/\\\/elansportifgleize.fr\\\/\"},{\"@type\":\"ListItem\",\"position\":2,\"name\":\"Tarifs et Services\"}]},{\"@type\":\"WebSite\",\"@id\":\"https:\\\/\\\/elansportifgleize.fr\\\/#website\",\"url\":\"https:\\\/\\\/elansportifgleize.fr\\\/\",\"name\":\"Elan Sportif de Gleiz\u00e9\",\"description\":\"Club de football \u00e0 Gleiz\u00e9 depuis 1941\",\"publisher\":{\"@id\":\"https:\\\/\\\/elansportifgleize.fr\\\/#organization\"},\"potentialAction\":[{\"@type\":\"SearchAction\",\"target\":{\"@type\":\"EntryPoint\",\"urlTemplate\":\"https:\\\/\\\/elansportifgleize.fr\\\/?s={search_term_string}\"},\"query-input\":{\"@type\":\"PropertyValueSpecification\",\"valueRequired\":true,\"valueName\":\"search_term_string\"}}],\"inLanguage\":\"fr-FR\"},{\"@type\":\"Organization\",\"@id\":\"https:\\\/\\\/elansportifgleize.fr\\\/#organization\",\"name\":\"Elan Sportif de Gleiz\u00e9\",\"url\":\"https:\\\/\\\/elansportifgleize.fr\\\/\",\"logo\":{\"@type\":\"ImageObject\",\"inLanguage\":\"fr-FR\",\"@id\":\"https:\\\/\\\/elansportifgleize.fr\\\/#\\\/schema\\\/logo\\\/image\\\/\",\"url\":\"https:\\\/\\\/elansportifgleize.fr\\\/wp-content\\\/uploads\\\/2025\\\/11\\\/nouveau-logo.webp\",\"contentUrl\":\"https:\\\/\\\/elansportifgleize.fr\\\/wp-content\\\/uploads\\\/2025\\\/11\\\/nouveau-logo.webp\",\"width\":662,\"height\":758,\"caption\":\"Elan Sportif de Gleiz\u00e9\"},\"image\":{\"@id\":\"https:\\\/\\\/elansportifgleize.fr\\\/#\\\/schema\\\/logo\\\/image\\\/\"},\"sameAs\":[\"https:\\\/\\\/www.facebook.com\\\/ElanSportifdeGleize\\\/\",\"https:\\\/\\\/x.com\\\/els_de_gleize\",\"https:\\\/\\\/www.instagram.com\\\/els_de_gleize\\\/\",\"https:\\\/\\\/www.youtube.com\\\/@elansportifdegleize\"]}]}<\/script>\n<!-- \/ Yoast SEO plugin. -->","yoast_head_json":{"title":"Tarifs et Services - Elan Sportif de Gleiz\u00e9","robots":{"index":"index","follow":"follow","max-snippet":"max-snippet:-1","max-image-preview":"max-image-preview:large","max-video-preview":"max-video-preview:-1"},"canonical":"https:\/\/elansportifgleize.fr\/?page_id=415","og_locale":"fr_FR","og_type":"article","og_title":"Tarifs et Services - Elan Sportif de Gleiz\u00e9","og_description":"Services etTarifs\u00a0 &nbsp;Prix des LicencesLe prix de la licence est fix\u00e9e en fonction de la section dans laquelle sera int\u00e9gr\u00e9 le joueurExemple : un enfant de 8 ou 9 ans dans l'ann\u00e9e civile de son inscription sera dans la cat\u00e9gorie U9, un de 10 ou 11 ans en U11, etc...Le pack d'\u00e9quipement de base fourni [&hellip;]","og_url":"https:\/\/elansportifgleize.fr\/?page_id=415","og_site_name":"Elan Sportif de Gleiz\u00e9","article_publisher":"https:\/\/www.facebook.com\/ElanSportifdeGleize\/","article_modified_time":"2026-01-09T23:10:50+00:00","twitter_card":"summary_large_image","twitter_site":"@els_de_gleize","schema":{"@context":"https:\/\/schema.org","@graph":[{"@type":"WebPage","@id":"https:\/\/elansportifgleize.fr\/?page_id=415","url":"https:\/\/elansportifgleize.fr\/?page_id=415","name":"Tarifs et Services - Elan Sportif de Gleiz\u00e9","isPartOf":{"@id":"https:\/\/elansportifgleize.fr\/#website"},"datePublished":"2026-01-08T20:50:05+00:00","dateModified":"2026-01-09T23:10:50+00:00","breadcrumb":{"@id":"https:\/\/elansportifgleize.fr\/?page_id=415#breadcrumb"},"inLanguage":"fr-FR","potentialAction":[{"@type":"ReadAction","target":["https:\/\/elansportifgleize.fr\/?page_id=415"]}]},{"@type":"BreadcrumbList","@id":"https:\/\/elansportifgleize.fr\/?page_id=415#breadcrumb","itemListElement":[{"@type":"ListItem","position":1,"name":"Home","item":"https:\/\/elansportifgleize.fr\/"},{"@type":"ListItem","position":2,"name":"Tarifs et Services"}]},{"@type":"WebSite","@id":"https:\/\/elansportifgleize.fr\/#website","url":"https:\/\/elansportifgleize.fr\/","name":"Elan Sportif de Gleiz\u00e9","description":"Club de football \u00e0 Gleiz\u00e9 depuis 1941","publisher":{"@id":"https:\/\/elansportifgleize.fr\/#organization"},"potentialAction":[{"@type":"SearchAction","target":{"@type":"EntryPoint","urlTemplate":"https:\/\/elansportifgleize.fr\/?s={search_term_string}"},"query-input":{"@type":"PropertyValueSpecification","valueRequired":true,"valueName":"search_term_string"}}],"inLanguage":"fr-FR"},{"@type":"Organization","@id":"https:\/\/elansportifgleize.fr\/#organization","name":"Elan Sportif de Gleiz\u00e9","url":"https:\/\/elansportifgleize.fr\/","logo":{"@type":"ImageObject","inLanguage":"fr-FR","@id":"https:\/\/elansportifgleize.fr\/#\/schema\/logo\/image\/","url":"https:\/\/elansportifgleize.fr\/wp-content\/uploads\/2025\/11\/nouveau-logo.webp","contentUrl":"https:\/\/elansportifgleize.fr\/wp-content\/uploads\/2025\/11\/nouveau-logo.webp","width":662,"height":758,"caption":"Elan Sportif de Gleiz\u00e9"},"image":{"@id":"https:\/\/elansportifgleize.fr\/#\/schema\/logo\/image\/"},"sameAs":["https:\/\/www.facebook.com\/ElanSportifdeGleize\/","https:\/\/x.com\/els_de_gleize","https:\/\/www.instagram.com\/els_de_gleize\/","https:\/\/www.youtube.com\/@elansportifdegleize"]}]}},"_links":{"self":[{"href":"https:\/\/elansportifgleize.fr\/index.php?rest_route=\/wp\/v2\/pages\/415","targetHints":{"allow":["GET"]}}],"collection":[{"href":"https:\/\/elansportifgleize.fr\/index.php?rest_route=\/wp\/v2\/pages"}],"about":[{"href":"https:\/\/elansportifgleize.fr\/index.php?rest_route=\/wp\/v2\/types\/page"}],"author":[{"embeddable":true,"href":"https:\/\/elansportifgleize.fr\/index.php?rest_route=\/wp\/v2\/users\/1"}],"replies":[{"embeddable":true,"href":"https:\/\/elansportifgleize.fr\/index.php?rest_route=%2Fwp%2Fv2%2Fcomments&post=415"}],"version-history":[{"count":13,"href":"https:\/\/elansportifgleize.fr\/index.php?rest_route=\/wp\/v2\/pages\/415\/revisions"}],"predecessor-version":[{"id":452,"href":"https:\/\/elansportifgleize.fr\/index.php?rest_route=\/wp\/v2\/pages\/415\/revisions\/452"}],"wp:attachment":[{"href":"https:\/\/elansportifgleize.fr\/index.php?rest_route=%2Fwp%2Fv2%2Fmedia&parent=415"}],"curies":[{"name":"wp","href":"https:\/\/api.w.org\/{rel}","templated":true}]}}