{"id":10,"date":"2025-10-24T21:16:03","date_gmt":"2025-10-24T19:16:03","guid":{"rendered":"https:\/\/elansportifgleize.fr\/my-account\/"},"modified":"2025-12-16T23:27:17","modified_gmt":"2025-12-16T22:27:17","slug":"mon-compte","status":"publish","type":"page","link":"https:\/\/elansportifgleize.fr\/?page_id=10","title":{"rendered":"Mon compte"},"content":{"rendered":"[et_pb_section admin_label=\u00a0\u00bbsection\u00a0\u00bb]\n\t\t\t[et_pb_row admin_label=\u00a0\u00bbrow\u00a0\u00bb]\n\t\t\t\t[et_pb_column type=\u00a0\u00bb4_4&Prime;][et_pb_text admin_label=\u00a0\u00bbText\u00a0\u00bb]<div class=\"woocommerce\"><div class=\"woocommerce-notices-wrapper\"><\/div>\n\n\t\t<h2>Se connecter<\/h2>\n\n\t\t<form class=\"woocommerce-form woocommerce-form-login login\" method=\"post\" novalidate>\n\n\t\t\t\n\t\t\t<p class=\"woocommerce-form-row woocommerce-form-row--wide form-row form-row-wide\">\n\t\t\t\t<label for=\"username\">Identifiant ou e-mail&nbsp;<span class=\"required\" aria-hidden=\"true\">*<\/span><span class=\"screen-reader-text\">Obligatoire<\/span><\/label>\n\t\t\t\t<input type=\"text\" class=\"woocommerce-Input woocommerce-Input--text input-text\" name=\"username\" id=\"username\" autocomplete=\"username\" value=\"\" required aria-required=\"true\" \/>\t\t\t<\/p>\n\t\t\t<p class=\"woocommerce-form-row woocommerce-form-row--wide form-row form-row-wide\">\n\t\t\t\t<label for=\"password\">Mot de passe&nbsp;<span class=\"required\" aria-hidden=\"true\">*<\/span><span class=\"screen-reader-text\">Obligatoire<\/span><\/label>\n\t\t\t\t<input class=\"woocommerce-Input woocommerce-Input--text input-text\" type=\"password\" name=\"password\" id=\"password\" autocomplete=\"current-password\" required aria-required=\"true\" \/>\n\t\t\t<\/p>\n\n\t\t\t\n\t\t\t<p class=\"form-row\">\n\t\t\t\t<label class=\"woocommerce-form__label woocommerce-form__label-for-checkbox woocommerce-form-login__rememberme\">\n\t\t\t\t\t<input class=\"woocommerce-form__input woocommerce-form__input-checkbox\" name=\"rememberme\" type=\"checkbox\" id=\"rememberme\" value=\"forever\" \/> <span>Se souvenir de moi<\/span>\n\t\t\t\t<\/label>\n\t\t\t\t<input type=\"hidden\" id=\"woocommerce-login-nonce\" name=\"woocommerce-login-nonce\" value=\"f3d1046a6f\" \/><input type=\"hidden\" name=\"_wp_http_referer\" value=\"\/index.php?rest_route=%2Fwp%2Fv2%2Fpages%2F10\" \/>\t\t\t\t<button type=\"submit\" class=\"woocommerce-button button woocommerce-form-login__submit\" name=\"login\" value=\"Se connecter\">Se connecter<\/button>\n\t\t\t<\/p>\n\t\t\t<p class=\"woocommerce-LostPassword lost_password\">\n\t\t\t\t<a href=\"https:\/\/elansportifgleize.fr\/?page_id=10&#038;lost-password\">Mot de passe perdu\u00a0?<\/a>\n\t\t\t<\/p>\n\n\t\t\t\n\t\t<\/form>\n\n\n<\/div>\n[\/et_pb_text][\/et_pb_column]\n\t\t\t[\/et_pb_row]\n\t\t[\/et_pb_section]","protected":false},"excerpt":{"rendered":"<div class=\"woocommerce\"><div class=\"woocommerce-notices-wrapper\"><\/div>\n\n\t\t<h2>Se connecter<\/h2>\n\n\t\t<form class=\"woocommerce-form woocommerce-form-login login\" method=\"post\" novalidate>\n\n\t\t\t\n\t\t\t<p class=\"woocommerce-form-row woocommerce-form-row--wide form-row form-row-wide\">\n\t\t\t\t<label for=\"username\">Identifiant ou e-mail&nbsp;<span class=\"required\" aria-hidden=\"true\">*<\/span><span class=\"screen-reader-text\">Obligatoire<\/span><\/label>\n\t\t\t\t<input type=\"text\" class=\"woocommerce-Input woocommerce-Input--text input-text\" name=\"username\" id=\"username\" autocomplete=\"username\" value=\"\" required aria-required=\"true\" \/>\t\t\t<\/p>\n\t\t\t<p class=\"woocommerce-form-row woocommerce-form-row--wide form-row form-row-wide\">\n\t\t\t\t<label for=\"password\">Mot de passe&nbsp;<span class=\"required\" aria-hidden=\"true\">*<\/span><span class=\"screen-reader-text\">Obligatoire<\/span><\/label>\n\t\t\t\t<input class=\"woocommerce-Input woocommerce-Input--text input-text\" type=\"password\" name=\"password\" id=\"password\" autocomplete=\"current-password\" required aria-required=\"true\" \/>\n\t\t\t<\/p>\n\n\t\t\t\n\t\t\t<p class=\"form-row\">\n\t\t\t\t<label class=\"woocommerce-form__label woocommerce-form__label-for-checkbox woocommerce-form-login__rememberme\">\n\t\t\t\t\t<input class=\"woocommerce-form__input woocommerce-form__input-checkbox\" name=\"rememberme\" type=\"checkbox\" id=\"rememberme\" value=\"forever\" \/> <span>Se souvenir de moi<\/span>\n\t\t\t\t<\/label>\n\t\t\t\t<input type=\"hidden\" id=\"woocommerce-login-nonce\" name=\"woocommerce-login-nonce\" value=\"f3d1046a6f\" \/><input type=\"hidden\" name=\"_wp_http_referer\" value=\"\/index.php?rest_route=%2Fwp%2Fv2%2Fpages%2F10\" \/>\t\t\t\t<button type=\"submit\" class=\"woocommerce-button button woocommerce-form-login__submit\" name=\"login\" value=\"Se connecter\">Se connecter<\/button>\n\t\t\t<\/p>\n\t\t\t<p class=\"woocommerce-LostPassword lost_password\">\n\t\t\t\t<a href=\"https:\/\/elansportifgleize.fr\/?page_id=10&#038;lost-password\">Mot de passe perdu\u00a0?<\/a>\n\t\t\t<\/p>\n\n\t\t\t\n\t\t<\/form>\n\n\n<\/div>\n","protected":false},"author":1,"featured_media":0,"parent":0,"menu_order":0,"comment_status":"closed","ping_status":"closed","template":"","meta":{"_et_pb_use_builder":"on","_et_pb_old_content":"<!-- wp:shortcode -->[woocommerce_my_account]<!-- \/wp:shortcode -->","_et_gb_content_width":"","footnotes":""},"class_list":["post-10","page","type-page","status-publish","hentry"],"yoast_head":"<!-- This site is optimized with the Yoast SEO plugin v27.3 - https:\/\/yoast.com\/product\/yoast-seo-wordpress\/ -->\n<title>Mon compte - Elan Sportif de Gleiz\u00e9<\/title>\n<meta name=\"robots\" content=\"index, follow, max-snippet:-1, max-image-preview:large, max-video-preview:-1\" \/>\n<link rel=\"canonical\" href=\"https:\/\/elansportifgleize.fr\/?page_id=10\" \/>\n<meta property=\"og:locale\" content=\"fr_FR\" \/>\n<meta property=\"og:type\" content=\"article\" \/>\n<meta property=\"og:title\" content=\"Mon compte - Elan Sportif de Gleiz\u00e9\" \/>\n<meta property=\"og:url\" content=\"https:\/\/elansportifgleize.fr\/?page_id=10\" \/>\n<meta property=\"og:site_name\" content=\"Elan Sportif de Gleiz\u00e9\" \/>\n<meta property=\"article:publisher\" content=\"https:\/\/www.facebook.com\/ElanSportifdeGleize\/\" \/>\n<meta property=\"article:modified_time\" content=\"2025-12-16T22:27:17+00:00\" \/>\n<meta name=\"twitter:card\" content=\"summary_large_image\" \/>\n<meta name=\"twitter:description\" content=\"[woocommerce_my_account]\" \/>\n<meta name=\"twitter:site\" content=\"@els_de_gleize\" \/>\n<script type=\"application\/ld+json\" class=\"yoast-schema-graph\">{\"@context\":\"https:\\\/\\\/schema.org\",\"@graph\":[{\"@type\":\"WebPage\",\"@id\":\"https:\\\/\\\/elansportifgleize.fr\\\/?page_id=10\",\"url\":\"https:\\\/\\\/elansportifgleize.fr\\\/?page_id=10\",\"name\":\"Mon compte - Elan Sportif de Gleiz\u00e9\",\"isPartOf\":{\"@id\":\"https:\\\/\\\/elansportifgleize.fr\\\/#website\"},\"datePublished\":\"2025-10-24T19:16:03+00:00\",\"dateModified\":\"2025-12-16T22:27:17+00:00\",\"breadcrumb\":{\"@id\":\"https:\\\/\\\/elansportifgleize.fr\\\/?page_id=10#breadcrumb\"},\"inLanguage\":\"fr-FR\",\"potentialAction\":[{\"@type\":\"ReadAction\",\"target\":[\"https:\\\/\\\/elansportifgleize.fr\\\/?page_id=10\"]}]},{\"@type\":\"BreadcrumbList\",\"@id\":\"https:\\\/\\\/elansportifgleize.fr\\\/?page_id=10#breadcrumb\",\"itemListElement\":[{\"@type\":\"ListItem\",\"position\":1,\"name\":\"Home\",\"item\":\"https:\\\/\\\/elansportifgleize.fr\\\/\"},{\"@type\":\"ListItem\",\"position\":2,\"name\":\"Mon compte\"}]},{\"@type\":\"WebSite\",\"@id\":\"https:\\\/\\\/elansportifgleize.fr\\\/#website\",\"url\":\"https:\\\/\\\/elansportifgleize.fr\\\/\",\"name\":\"Elan Sportif de Gleiz\u00e9\",\"description\":\"Club de football \u00e0 Gleiz\u00e9 depuis 1941\",\"publisher\":{\"@id\":\"https:\\\/\\\/elansportifgleize.fr\\\/#organization\"},\"potentialAction\":[{\"@type\":\"SearchAction\",\"target\":{\"@type\":\"EntryPoint\",\"urlTemplate\":\"https:\\\/\\\/elansportifgleize.fr\\\/?s={search_term_string}\"},\"query-input\":{\"@type\":\"PropertyValueSpecification\",\"valueRequired\":true,\"valueName\":\"search_term_string\"}}],\"inLanguage\":\"fr-FR\"},{\"@type\":\"Organization\",\"@id\":\"https:\\\/\\\/elansportifgleize.fr\\\/#organization\",\"name\":\"Elan Sportif de Gleiz\u00e9\",\"url\":\"https:\\\/\\\/elansportifgleize.fr\\\/\",\"logo\":{\"@type\":\"ImageObject\",\"inLanguage\":\"fr-FR\",\"@id\":\"https:\\\/\\\/elansportifgleize.fr\\\/#\\\/schema\\\/logo\\\/image\\\/\",\"url\":\"https:\\\/\\\/elansportifgleize.fr\\\/wp-content\\\/uploads\\\/2025\\\/11\\\/nouveau-logo.webp\",\"contentUrl\":\"https:\\\/\\\/elansportifgleize.fr\\\/wp-content\\\/uploads\\\/2025\\\/11\\\/nouveau-logo.webp\",\"width\":662,\"height\":758,\"caption\":\"Elan Sportif de Gleiz\u00e9\"},\"image\":{\"@id\":\"https:\\\/\\\/elansportifgleize.fr\\\/#\\\/schema\\\/logo\\\/image\\\/\"},\"sameAs\":[\"https:\\\/\\\/www.facebook.com\\\/ElanSportifdeGleize\\\/\",\"https:\\\/\\\/x.com\\\/els_de_gleize\",\"https:\\\/\\\/www.instagram.com\\\/els_de_gleize\\\/\",\"https:\\\/\\\/www.youtube.com\\\/@elansportifdegleize\"]}]}<\/script>\n<!-- \/ Yoast SEO plugin. -->","yoast_head_json":{"title":"Mon compte - Elan Sportif de Gleiz\u00e9","robots":{"index":"index","follow":"follow","max-snippet":"max-snippet:-1","max-image-preview":"max-image-preview:large","max-video-preview":"max-video-preview:-1"},"canonical":"https:\/\/elansportifgleize.fr\/?page_id=10","og_locale":"fr_FR","og_type":"article","og_title":"Mon compte - Elan Sportif de Gleiz\u00e9","og_url":"https:\/\/elansportifgleize.fr\/?page_id=10","og_site_name":"Elan Sportif de Gleiz\u00e9","article_publisher":"https:\/\/www.facebook.com\/ElanSportifdeGleize\/","article_modified_time":"2025-12-16T22:27:17+00:00","twitter_card":"summary_large_image","twitter_description":"[woocommerce_my_account]","twitter_site":"@els_de_gleize","schema":{"@context":"https:\/\/schema.org","@graph":[{"@type":"WebPage","@id":"https:\/\/elansportifgleize.fr\/?page_id=10","url":"https:\/\/elansportifgleize.fr\/?page_id=10","name":"Mon compte - Elan Sportif de Gleiz\u00e9","isPartOf":{"@id":"https:\/\/elansportifgleize.fr\/#website"},"datePublished":"2025-10-24T19:16:03+00:00","dateModified":"2025-12-16T22:27:17+00:00","breadcrumb":{"@id":"https:\/\/elansportifgleize.fr\/?page_id=10#breadcrumb"},"inLanguage":"fr-FR","potentialAction":[{"@type":"ReadAction","target":["https:\/\/elansportifgleize.fr\/?page_id=10"]}]},{"@type":"BreadcrumbList","@id":"https:\/\/elansportifgleize.fr\/?page_id=10#breadcrumb","itemListElement":[{"@type":"ListItem","position":1,"name":"Home","item":"https:\/\/elansportifgleize.fr\/"},{"@type":"ListItem","position":2,"name":"Mon compte"}]},{"@type":"WebSite","@id":"https:\/\/elansportifgleize.fr\/#website","url":"https:\/\/elansportifgleize.fr\/","name":"Elan Sportif de Gleiz\u00e9","description":"Club de football \u00e0 Gleiz\u00e9 depuis 1941","publisher":{"@id":"https:\/\/elansportifgleize.fr\/#organization"},"potentialAction":[{"@type":"SearchAction","target":{"@type":"EntryPoint","urlTemplate":"https:\/\/elansportifgleize.fr\/?s={search_term_string}"},"query-input":{"@type":"PropertyValueSpecification","valueRequired":true,"valueName":"search_term_string"}}],"inLanguage":"fr-FR"},{"@type":"Organization","@id":"https:\/\/elansportifgleize.fr\/#organization","name":"Elan Sportif de Gleiz\u00e9","url":"https:\/\/elansportifgleize.fr\/","logo":{"@type":"ImageObject","inLanguage":"fr-FR","@id":"https:\/\/elansportifgleize.fr\/#\/schema\/logo\/image\/","url":"https:\/\/elansportifgleize.fr\/wp-content\/uploads\/2025\/11\/nouveau-logo.webp","contentUrl":"https:\/\/elansportifgleize.fr\/wp-content\/uploads\/2025\/11\/nouveau-logo.webp","width":662,"height":758,"caption":"Elan Sportif de Gleiz\u00e9"},"image":{"@id":"https:\/\/elansportifgleize.fr\/#\/schema\/logo\/image\/"},"sameAs":["https:\/\/www.facebook.com\/ElanSportifdeGleize\/","https:\/\/x.com\/els_de_gleize","https:\/\/www.instagram.com\/els_de_gleize\/","https:\/\/www.youtube.com\/@elansportifdegleize"]}]}},"_links":{"self":[{"href":"https:\/\/elansportifgleize.fr\/index.php?rest_route=\/wp\/v2\/pages\/10","targetHints":{"allow":["GET"]}}],"collection":[{"href":"https:\/\/elansportifgleize.fr\/index.php?rest_route=\/wp\/v2\/pages"}],"about":[{"href":"https:\/\/elansportifgleize.fr\/index.php?rest_route=\/wp\/v2\/types\/page"}],"author":[{"embeddable":true,"href":"https:\/\/elansportifgleize.fr\/index.php?rest_route=\/wp\/v2\/users\/1"}],"replies":[{"embeddable":true,"href":"https:\/\/elansportifgleize.fr\/index.php?rest_route=%2Fwp%2Fv2%2Fcomments&post=10"}],"version-history":[{"count":2,"href":"https:\/\/elansportifgleize.fr\/index.php?rest_route=\/wp\/v2\/pages\/10\/revisions"}],"predecessor-version":[{"id":339,"href":"https:\/\/elansportifgleize.fr\/index.php?rest_route=\/wp\/v2\/pages\/10\/revisions\/339"}],"wp:attachment":[{"href":"https:\/\/elansportifgleize.fr\/index.php?rest_route=%2Fwp%2Fv2%2Fmedia&parent=10"}],"curies":[{"name":"wp","href":"https:\/\/api.w.org\/{rel}","templated":true}]}}